{"id":20,"date":"2023-01-31T03:12:24","date_gmt":"2023-01-31T03:12:24","guid":{"rendered":"http:\/\/inan01.bkns.biz\/?page_id=20"},"modified":"2023-02-02T10:18:09","modified_gmt":"2023-02-02T10:18:09","slug":"lien-he","status":"publish","type":"page","link":"https:\/\/inan01.bkns.biz\/?page_id=20","title":{"rendered":"Li\u00ean h\u1ec7"},"content":{"rendered":"\t<section class=\"section\" id=\"section_917352067\">\n\t\t<div class=\"bg section-bg fill bg-fill  bg-loaded\" >\n\n\t\t\t\n\t\t\t\n\t\t\t\n\n\t\t<\/div>\n\n\t\t<div class=\"section-content relative\">\n\t\t\t\n<div class=\"row\"  id=\"row-1788263904\">\n\n\t<div id=\"col-450037906\" class=\"col medium-8 small-12 large-8\"  >\n\t\t<div class=\"col-inner\"  >\n\t\t\t\n\t\t\t\n<div class=\"row\"  id=\"row-1149790764\">\n\n\t<div id=\"col-2028379313\" class=\"col small-12 large-12\"  >\n\t\t<div class=\"col-inner\"  >\n\t\t\t\n\t\t\t\n<div class=\"info-shop\">\n<p><img loading=\"lazy\" decoding=\"async\" class=\"alignnone size-full wp-image-205\" src=\"https:\/\/demo-thethao.local:8890\/wp-content\/uploads\/2022\/12\/Group-6.png\" alt=\"\" width=\"18\" height=\"20\" \/> T\u1ea7ng 5, T\u00f2a nh\u00e0 169, Nguy\u1ec5n Ng\u1ecdc V\u0169, Ph\u01b0\u1eddng Trung H\u00f2a, Qu\u1eadn C\u1ea7u Gi\u1ea5y, TP H\u00e0 N\u1ed9i.<\/p>\n<p><img loading=\"lazy\" decoding=\"async\" class=\"alignnone size-full wp-image-205\" src=\"https:\/\/demo-thethao.local:8890\/wp-content\/uploads\/2022\/12\/Group-6.png\" alt=\"\" width=\"18\" height=\"20\" \/> L\u1ea7u 2 T\u00f2a nh\u00e0 1B1 Th\u00e0nh Th\u00e1i, C\u01b0 X\u00e1 \u0110\u1ed3ng Ti\u1ebfn, Ph\u01b0\u1eddng 14, Qu\u1eadn 10, TP. H\u1ed3 Ch\u00ed Minh.<\/p>\n<p><img loading=\"lazy\" decoding=\"async\" class=\"alignnone size-full wp-image-229\" src=\"https:\/\/project4.local:8890\/wp-content\/uploads\/2022\/12\/Vector-7.png\" alt=\"\" width=\"19\" height=\"19\" \/>\u00a0Hotline: +84 85 319 3115<\/p>\n<p><img loading=\"lazy\" decoding=\"async\" class=\"alignnone size-full wp-image-206\" src=\"https:\/\/demo-thethao.local:8890\/wp-content\/uploads\/2022\/12\/Group-7.png\" alt=\"\" width=\"21\" height=\"18\" \/>\u00a0Email: vansport@gmail.com<\/p>\n<\/div>\n\t\t<\/div>\n\t\t\t<\/div>\n\n\t\n<\/div>\n<p><iframe loading=\"lazy\" style=\"border: 0;\" src=\"https:\/\/www.google.com\/maps\/embed?pb=!1m18!1m12!1m3!1d3724.508011896364!2d105.807386!3d21.0123498!2m3!1f0!2f0!3f0!3m2!1i1024!2i768!4f13.1!3m3!1m2!1s0x3135ab602de9caab%3A0x2defdd20ba3f2eac!2zMTY5IMSQLiBOZ3V54buFbiBOZ-G7jWMgVsWpLCBUcnVuZyBIb8OgLCBD4bqndSBHaeG6pXksIEjDoCBO4buZaQ!5e0!3m2!1svi!2s!4v1671813952314!5m2!1svi!2s\" width=\"600\" height=\"450\" allowfullscreen=\"allowfullscreen\" data-mce-fragment=\"1\"><\/iframe><\/p>\n\t\t<\/div>\n\t\t\t<\/div>\n\n\t\n\n\t<div id=\"col-1500831503\" class=\"col medium-4 small-12 large-4\"  >\n\t\t<div class=\"col-inner\"  >\n\t\t\t\n\t\t\t\n<p><iframe loading=\"lazy\" style=\"border: none; overflow: hidden;\" src=\"https:\/\/www.facebook.com\/plugins\/page.php?href=https%3A%2F%2Fwww.facebook.com%2Fbkns.vn&amp;tabs=timeline&amp;width=340&amp;height=331&amp;small_header=false&amp;adapt_container_width=true&amp;hide_cover=false&amp;show_facepile=true&amp;appId\" width=\"340\" height=\"331\" frameborder=\"0\" scrolling=\"no\" allowfullscreen=\"allowfullscreen\" data-mce-fragment=\"1\"><\/iframe><\/p>\n\t\t<\/div>\n\t\t\t<\/div>\n\n\t\n<\/div>\n\t\t<\/div>\n\n\t\t\n<style>\n#section_917352067 {\n  padding-top: 30px;\n  padding-bottom: 30px;\n}\n<\/style>\n\t<\/section>\n\t\n","protected":false},"excerpt":{"rendered":"","protected":false},"author":1,"featured_media":0,"parent":0,"menu_order":0,"comment_status":"closed","ping_status":"closed","template":"","meta":{"_acf_changed":false,"footnotes":""},"class_list":["post-20","page","type-page","status-publish","hentry"],"acf":[],"_links":{"self":[{"href":"https:\/\/inan01.bkns.biz\/index.php?rest_route=\/wp\/v2\/pages\/20","targetHints":{"allow":["GET"]}}],"collection":[{"href":"https:\/\/inan01.bkns.biz\/index.php?rest_route=\/wp\/v2\/pages"}],"about":[{"href":"https:\/\/inan01.bkns.biz\/index.php?rest_route=\/wp\/v2\/types\/page"}],"author":[{"embeddable":true,"href":"https:\/\/inan01.bkns.biz\/index.php?rest_route=\/wp\/v2\/users\/1"}],"replies":[{"embeddable":true,"href":"https:\/\/inan01.bkns.biz\/index.php?rest_route=%2Fwp%2Fv2%2Fcomments&post=20"}],"version-history":[{"count":4,"href":"https:\/\/inan01.bkns.biz\/index.php?rest_route=\/wp\/v2\/pages\/20\/revisions"}],"predecessor-version":[{"id":246,"href":"https:\/\/inan01.bkns.biz\/index.php?rest_route=\/wp\/v2\/pages\/20\/revisions\/246"}],"wp:attachment":[{"href":"https:\/\/inan01.bkns.biz\/index.php?rest_route=%2Fwp%2Fv2%2Fmedia&parent=20"}],"curies":[{"name":"wp","href":"https:\/\/api.w.org\/{rel}","templated":true}]}}